{"id":1055,"date":"2017-06-10T08:24:41","date_gmt":"2017-06-10T08:24:41","guid":{"rendered":"http:\/\/xtratheme.combusiness-2\/?page_id=6"},"modified":"2021-04-26T11:19:41","modified_gmt":"2021-04-26T11:19:41","slug":"pogrebna-oprema","status":"publish","type":"page","link":"https:\/\/pogrebneusluge-iris.com\/de\/pogrebna-oprema\/","title":{"rendered":"BESTATTUNGSAUSR\u00dcSTUNG"},"content":{"rendered":"<section class=\"wpb-content-wrapper\"><div class=\"vc_row wpb_row vc_row-fluid\"><div class=\"wpb_column vc_column_container vc_col-sm-12 vc_col-lg-6\"><div class=\"vc_column-inner\"><div class=\"wpb_wrapper\"><div class=\"cz_gap clr  hide_on_tablet hide_on_mobile\" style=\"height: 50px\"><\/div><div class=\"cz_gap show_on_tablet clr\" style=\"height: 0px\"><\/div><div id=\"cz_30462\" class=\"cz_30462 cz_title clr cz_title_pos_inline\"><div class=\"cz_title_shape shape_icon cz_shape_1\"><i class=\"\"><\/i><\/div><div class=\"cz_title_content\"><div class=\"cz_wpe_content\"><h2 style=\"text-align: left;\">Bestattungsausr\u00fcstung<\/h2>\n<\/div><\/div><\/div><div id=\"cz_78303\" class=\"cz_78303 cz_title clr cz_mobile_text_center cz_title_pos_inline\"><div class=\"cz_title_content\"><div class=\"cz_wpe_content\"><p><span style=\"line-height: 2; font-size: 22px;\"><span style=\"font-weight: 300;\">In unserem Gesch\u00e4ft \"INES\" in Miodraga Novakovi\u0107a bb in \u0106uprija finden Sie eine gro\u00dfe Auswahl an Grundausstattung (Boxen). Alle unsere Produkte bestehen aus hochwertigen Materialien (Holz) und erf\u00fcllen die h\u00f6chsten weltweiten Standards.\u00a0<\/span><\/span><\/p>\n<\/div><\/div><\/div><div class=\"cz_gap clr\" style=\"height: 70px\"><\/div><div id=\"cz_53267\" class=\"cz_53267 cz_title clr cz_title_pos_inline\"><div class=\"cz_title_content\"><div class=\"cz_wpe_content\"><h2 style=\"text-align: left;\">Siehe unseren aktuellen Katalog<\/h2>\n<\/div><\/div><\/div><div id=\"cz_57847\" class=\"cz_57847 cz_title clr cz_mobile_text_center cz_title_pos_inline\"><div class=\"cz_title_content\"><div class=\"cz_wpe_content\"><h3><span style=\"line-height: 2; font-size: 22px;\"><span style=\"font-weight: 300;\">Die Bestattungsfirma \"INES\" bietet auch eine gro\u00dfe Auswahl an Bestattungsger\u00e4ten an: Kr\u00e4nze, Tr\u00e4nen, Blumen und Grabsteine.<\/span><\/span><\/h3>\n<\/div><\/div><\/div><ul id=\"cz_63121\" class=\"cz_63121 cz_stylish_list clr cz_sl_icon_hover_zoom_in\"><li class=\"clr\"><a href=\"#\"><div class=\"cz_sl_icon\"><i class=\"fa czico-023-guarantee mr10\"><\/i><\/div><div><span>Katalog 2021<\/span><\/div><\/a><\/li><\/ul><\/div><\/div><\/div><div class=\"wpb_column vc_column_container vc_col-sm-12 vc_col-lg-6\"><div class=\"vc_column-inner vc_custom_1514376487179\"><div class=\"wpb_wrapper\"><div id=\"cz_32946\" class=\"cz_32946 cz_image clr cz_image_no_fx center_on_mobile\"><div class=\"cz_svg_bg\" ><div class=\"cz_image_in\" data-tilt><div class=\"cz_main_image\"><img width=\"887\" height=\"692\" src=\"data:image\/svg+xml,%3Csvg%20xmlns%3D&#39;http%3A%2F%2Fwww.w3.org%2F2000%2Fsvg&#39;%20width=&#39;887&#39;%20height=&#39;692&#39;%20viewBox%3D&#39;0%200%20887%20692&#39;%2F%3E\" data-czlz data-src=\"https:\/\/pogrebneusluge-iris.com\/wp-content\/uploads\/2021\/04\/pogrebna-oprema1.jpg\" class=\"attachment-full\" alt=\"\" decoding=\"async\" title=\"pogrebna oprema1\" data-srcset=\"https:\/\/pogrebneusluge-iris.com\/wp-content\/uploads\/2021\/04\/pogrebna-oprema1.jpg 887w, https:\/\/pogrebneusluge-iris.com\/wp-content\/uploads\/2021\/04\/pogrebna-oprema1-300x234.jpg 300w, https:\/\/pogrebneusluge-iris.com\/wp-content\/uploads\/2021\/04\/pogrebna-oprema1-768x599.jpg 768w, https:\/\/pogrebneusluge-iris.com\/wp-content\/uploads\/2021\/04\/pogrebna-oprema1-16x12.jpg 16w, https:\/\/pogrebneusluge-iris.com\/wp-content\/uploads\/2021\/04\/pogrebna-oprema1-600x468.jpg 600w\" data-sizes=\"(max-width: 887px) 100vw, 887px\" \/><\/div><\/div><\/div><\/div><\/div><\/div><\/div><\/div>\n<\/section>","protected":false},"excerpt":{"rendered":"Pogrebna oprema U na\u0161oj prodavnici \"INES\" koja se nalazi u ulici Miodraga Novakovi\u0107a bb u \u0106upriji, mo\u017eete prona\u0107i veliki izbor","protected":false},"author":1,"featured_media":0,"parent":0,"menu_order":0,"comment_status":"closed","ping_status":"closed","template":"","meta":{"om_disable_all_campaigns":false,"_monsterinsights_skip_tracking":false,"_monsterinsights_sitenote_active":false,"_monsterinsights_sitenote_note":"","_monsterinsights_sitenote_category":0},"aioseo_notices":[],"_links":{"self":[{"href":"https:\/\/pogrebneusluge-iris.com\/de\/wp-json\/wp\/v2\/pages\/1055"}],"collection":[{"href":"https:\/\/pogrebneusluge-iris.com\/de\/wp-json\/wp\/v2\/pages"}],"about":[{"href":"https:\/\/pogrebneusluge-iris.com\/de\/wp-json\/wp\/v2\/types\/page"}],"author":[{"embeddable":true,"href":"https:\/\/pogrebneusluge-iris.com\/de\/wp-json\/wp\/v2\/users\/1"}],"replies":[{"embeddable":true,"href":"https:\/\/pogrebneusluge-iris.com\/de\/wp-json\/wp\/v2\/comments?post=1055"}],"version-history":[{"count":9,"href":"https:\/\/pogrebneusluge-iris.com\/de\/wp-json\/wp\/v2\/pages\/1055\/revisions"}],"predecessor-version":[{"id":1389,"href":"https:\/\/pogrebneusluge-iris.com\/de\/wp-json\/wp\/v2\/pages\/1055\/revisions\/1389"}],"wp:attachment":[{"href":"https:\/\/pogrebneusluge-iris.com\/de\/wp-json\/wp\/v2\/media?parent=1055"}],"curies":[{"name":"wp","href":"https:\/\/api.w.org\/{rel}","templated":true}]}}