{"id":1225,"date":"2021-04-12T05:51:12","date_gmt":"2021-04-12T05:51:12","guid":{"rendered":"https:\/\/pogrebneusluge-iris.com\/?page_id=1225"},"modified":"2021-04-26T11:40:00","modified_gmt":"2021-04-26T11:40:00","slug":"prevoz-pokojnika","status":"publish","type":"page","link":"https:\/\/pogrebneusluge-iris.com\/de\/prevoz-pokojnika\/","title":{"rendered":"TRANSPORT DES VERSTORBENEN"},"content":{"rendered":"<section class=\"wpb-content-wrapper\"><div class=\"vc_row wpb_row vc_row-fluid\"><div class=\"wpb_column vc_column_container vc_col-sm-12 vc_col-lg-6\"><div class=\"vc_column-inner\"><div class=\"wpb_wrapper\"><div class=\"cz_gap clr  hide_on_tablet hide_on_mobile\" style=\"height: 50px\"><\/div><div class=\"cz_gap show_on_tablet clr\" style=\"height: 0px\"><\/div><div id=\"cz_53034\" class=\"cz_53034 cz_title clr cz_title_pos_inline\"><div class=\"cz_title_content\"><div class=\"cz_wpe_content\"><h2 style=\"text-align: left;\">Internationaler Transport des Verstorbenen<\/h2>\n<\/div><\/div><\/div><div id=\"cz_58925\" class=\"cz_58925 cz_title clr cz_mobile_text_center cz_title_pos_inline\"><div class=\"cz_title_content\"><div class=\"cz_wpe_content\"><h3><span style=\"line-height: 2; font-size: 22px;\"><span style=\"font-weight: 300;\">Wir stehen Ihnen f\u00fcr den Transport von Verstorbenen im In- und Ausland mit speziellen klimatisierten Bestattungsfahrzeugen zur Verf\u00fcgung. Dank unserer Professionalit\u00e4t, Schnelligkeit und Verantwortung sowie unseres allgemeinen Engagements und unserer guten Organisation werden wir von vielen seri\u00f6sen Partnerunternehmen empfohlen. Wir bieten Transporte in ganz Europa an. Bisher haben wir in L\u00e4ndern wie der Schweiz, Deutschland, \u00d6sterreich, den Niederlanden, Norwegen, Schweden, Italien f\u00fcr Serbien, Bosnien, Kroatien, Montenegro, Mazedonien, Bulgarien, Kosovo, Rum\u00e4nien und der Tschechischen Republik gearbeitet und der Slowakei. Wir garantieren die besten Preise f\u00fcr unsere Dienstleistungen.<\/span><\/span><\/h3>\n<\/div><\/div><\/div><\/div><\/div><\/div><div class=\"wpb_column vc_column_container vc_col-sm-12 vc_col-lg-6\"><div class=\"vc_column-inner vc_custom_1514376487179\"><div class=\"wpb_wrapper\"><div id=\"cz_20979\" class=\"cz_20979 cz_image clr cz_image_no_fx center_on_mobile\"><div class=\"cz_svg_bg\" ><div class=\"cz_image_in\" data-tilt><div class=\"cz_main_image\"><img width=\"800\" height=\"600\" src=\"data:image\/svg+xml,%3Csvg%20xmlns%3D&#39;http%3A%2F%2Fwww.w3.org%2F2000%2Fsvg&#39;%20width=&#39;800&#39;%20height=&#39;600&#39;%20viewBox%3D&#39;0%200%20800%20600&#39;%2F%3E\" data-czlz data-src=\"https:\/\/pogrebneusluge-iris.com\/wp-content\/uploads\/2021\/04\/15.jpg\" class=\"attachment-full\" alt=\"\" decoding=\"async\" title=\"15\" data-srcset=\"https:\/\/pogrebneusluge-iris.com\/wp-content\/uploads\/2021\/04\/15.jpg 800w, https:\/\/pogrebneusluge-iris.com\/wp-content\/uploads\/2021\/04\/15-300x225.jpg 300w, https:\/\/pogrebneusluge-iris.com\/wp-content\/uploads\/2021\/04\/15-768x576.jpg 768w, https:\/\/pogrebneusluge-iris.com\/wp-content\/uploads\/2021\/04\/15-16x12.jpg 16w, https:\/\/pogrebneusluge-iris.com\/wp-content\/uploads\/2021\/04\/15-600x450.jpg 600w\" data-sizes=\"(max-width: 800px) 100vw, 800px\" \/><\/div><\/div><\/div><\/div><\/div><\/div><\/div><\/div><div class=\"vc_row wpb_row vc_row-fluid\"><div class=\"wpb_column vc_column_container vc_col-sm-2\"><div class=\"vc_column-inner\"><div class=\"wpb_wrapper\"><\/div><\/div><\/div><div class=\"wpb_column vc_column_container vc_col-sm-8\"><div class=\"vc_column-inner\"><div class=\"wpb_wrapper\"><div class=\"cz_gap clr  hide_on_tablet hide_on_mobile\" style=\"height: 80px\"><\/div><div class=\"cz_gap show_on_tablet clr  show_only_tablet\" style=\"height: 80px\"><\/div><div class=\"cz_gap show_on_mobile clr\" style=\"height: 70px\"><\/div><div id=\"cz_110337\" class=\"cz_110337 cz_title clr cz_title_pos_inline\"><div class=\"cz_title_content\"><div class=\"cz_wpe_content\"><h3>Das Erhalten von Unterlagen bezieht sich auf den Transport verstorbener Personen ins Ausland<\/h3>\n<\/div><\/div><\/div><div class=\"cz_gap clr  hide_on_tablet hide_on_mobile\" style=\"height: 10px\"><\/div><div class=\"cz_gap show_on_tablet clr  show_only_tablet\" style=\"height: 10px\"><\/div><div class=\"cz_gap show_on_mobile clr\" style=\"height: 10px\"><\/div><div id=\"cz_35889\" class=\"cz_35889 cz_title clr cz_title_pos_inline\"><div class=\"cz_title_content\"><div class=\"cz_wpe_content\"><p>Unsere Bestattungsfirma \"INES\" beschafft neben dem Transportdienst aus dem Ausland alle notwendigen internationalen Dokumente, die f\u00fcr den internationalen Transport des Verstorbenen erforderlich sind. Unsere Firma organisiert auch die Beerdigung Ihres Verstorbenen in Serbien anstelle von Ihnen. Damit der Verstorbene aus einem beliebigen Land nach Serbien transportiert werden kann, muss ein entsprechendes Dokument (sogenannte Eskorte) vorgelegt werden. \"Sprovodnica\" wird von der Botschaft der Republik Serbien herausgegeben.<\/p>\n<\/div><\/div><\/div><div class=\"cz_gap clr  hide_on_tablet hide_on_mobile\" style=\"height: 10px\"><\/div><div class=\"cz_gap show_on_tablet clr  show_only_tablet\" style=\"height: 10px\"><\/div><div class=\"cz_gap show_on_mobile clr\" style=\"height: 10px\"><\/div><div id=\"cz_91293\" class=\"cz_91293 cz_title clr cz_title_pos_inline\"><div class=\"cz_title_content\"><div class=\"cz_wpe_content\"><p>Der Antrag auf Ausstellung eines \"Leitfadens\" wird bei der Botschaft oder dem Konsulat der Republik Serbien am Wohnort des Verstorbenen eingereicht.<\/p>\n<\/div><\/div><\/div><div class=\"cz_gap clr  hide_on_tablet hide_on_mobile\" style=\"height: 10px\"><\/div><div class=\"cz_gap show_on_tablet clr  show_only_tablet\" style=\"height: 10px\"><\/div><div class=\"cz_gap show_on_mobile clr\" style=\"height: 10px\"><\/div><div id=\"cz_110665\" class=\"cz_110665 cz_title clr cz_title_pos_inline\"><div class=\"cz_title_content\"><div class=\"cz_wpe_content\"><h4>Dokumentation zur Erlangung einer Begleitung:<\/h4>\n<ul>\n<li>Reisepass des Verstorbenen (Original);<\/li>\n<li>Antrag einer Bestattungsfirma, die von den Angeh\u00f6rigen des Verstorbenen angeheuert und zum Transport der \u00dcberreste befugt ist. In dem Antrag sollte angegeben werden, wo die Bestattung stattfinden wird und auf welcher Weise der Transport durchgef\u00fchrt wird.<\/li>\n<li>Arztbericht \u00fcber die Todesursache;<\/li>\n<li>Sterbeurkunde der zust\u00e4ndigen Beh\u00f6rde des Landes, in dem der Verstorbene seinen Wohnsitz hatte;<\/li>\n<li>Erlaubnis zur \u00dcberstellung einer Einrichtung ins Ausland, ausgestellt von der zust\u00e4ndigen Beh\u00f6rde des Landes, in dem der Verstorbene seinen letzten Wohnsitz hatte;<\/li>\n<li>Bescheinigung \u00fcber die gesicherte Grabstelle in der Republik Serbien<\/li>\n<\/ul>\n<\/div><\/div><\/div><\/div><\/div><\/div><div class=\"wpb_column vc_column_container vc_col-sm-2\"><div class=\"vc_column-inner\"><div class=\"wpb_wrapper\"><\/div><\/div><\/div><\/div>\n<\/section>","protected":false},"excerpt":{"rendered":"Me\u0111unarodni prevoz pokojnika Za vas smo na usluzi za prevoz preminulih u zemlji i inostranstvu specijalnim klimatizovanim pogrebnim vozilima. Zahvaljuju\u0107i","protected":false},"author":1,"featured_media":0,"parent":0,"menu_order":0,"comment_status":"closed","ping_status":"closed","template":"","meta":{"om_disable_all_campaigns":false,"_monsterinsights_skip_tracking":false,"_monsterinsights_sitenote_active":false,"_monsterinsights_sitenote_note":"","_monsterinsights_sitenote_category":0},"aioseo_notices":[],"_links":{"self":[{"href":"https:\/\/pogrebneusluge-iris.com\/de\/wp-json\/wp\/v2\/pages\/1225"}],"collection":[{"href":"https:\/\/pogrebneusluge-iris.com\/de\/wp-json\/wp\/v2\/pages"}],"about":[{"href":"https:\/\/pogrebneusluge-iris.com\/de\/wp-json\/wp\/v2\/types\/page"}],"author":[{"embeddable":true,"href":"https:\/\/pogrebneusluge-iris.com\/de\/wp-json\/wp\/v2\/users\/1"}],"replies":[{"embeddable":true,"href":"https:\/\/pogrebneusluge-iris.com\/de\/wp-json\/wp\/v2\/comments?post=1225"}],"version-history":[{"count":7,"href":"https:\/\/pogrebneusluge-iris.com\/de\/wp-json\/wp\/v2\/pages\/1225\/revisions"}],"predecessor-version":[{"id":1392,"href":"https:\/\/pogrebneusluge-iris.com\/de\/wp-json\/wp\/v2\/pages\/1225\/revisions\/1392"}],"wp:attachment":[{"href":"https:\/\/pogrebneusluge-iris.com\/de\/wp-json\/wp\/v2\/media?parent=1225"}],"curies":[{"name":"wp","href":"https:\/\/api.w.org\/{rel}","templated":true}]}}