{"id":11,"date":"2017-06-10T08:24:41","date_gmt":"2017-06-10T08:24:41","guid":{"rendered":"http:\/\/xtratheme.comlawyers\/?page_id=6"},"modified":"2021-04-26T11:23:35","modified_gmt":"2021-04-26T11:23:35","slug":"o-nama","status":"publish","type":"page","link":"https:\/\/pogrebneusluge-iris.com\/sr\/o-nama\/","title":{"rendered":"O NAMA"},"content":{"rendered":"<section class=\"wpb-content-wrapper\"><div class=\"vc_row wpb_row vc_row-fluid\"><div class=\"wpb_column vc_column_container vc_col-sm-12\"><div class=\"vc_column-inner\"><div class=\"wpb_wrapper\"><div class=\"cz_gap clr  hide_on_tablet hide_on_mobile\" style=\"height: 50px\"><\/div><div class=\"cz_gap show_on_tablet clr \" style=\"height: 0px\"><\/div><\/div><\/div><\/div><\/div><div class=\"vc_row wpb_row vc_row-fluid\"><div class=\"wpb_column vc_column_container vc_col-sm-12 vc_col-lg-6\"><div class=\"vc_column-inner\"><div class=\"wpb_wrapper\"><div id=\"cz_50141\" class=\"cz_50141 cz_title clr cz_smart_fs cz_title_pos_inline\"><div class=\"cz_title_shape shape_text cz_shape_1\">O nama<\/div><div class=\"cz_title_content\"><div class=\"cz_wpe_content\"><h4>O nama<\/h4>\n<h1><span style=\"font-size: 45px;\"><span style=\"color: #d8ae76;\">Na\u0161a<\/span> misija i vizija<\/span><\/h1>\n<\/div><\/div><\/div><div class=\"cz_gap clr \" style=\"height: 50px\"><\/div>\n\t<div class=\"wpb_text_column wpb_content_element \" >\n\t\t<div class=\"wpb_wrapper\">\n\t\t\t<p>Pogrebno preduze\u0107e \u201cINES\u201d osnovano je 1999. godine kao porodi\u010dan posao u vlasni\u0161tvu porodice Brankovi\u0107. Ovim poslom se bavimo preko 21 godinu, specijalizovali smo se u svome poslu, stekli veliki ugled i poverenje klijenata.<\/p>\n<p><em>Efikasnost, pouzdanost i profesionalnost su principi na\u0161eg poslovanja \u010diji je cilj udovoljiti zahtjevima na\u0161ih klijenata u trenucima kada je to njima najpotrebnije\u201d.<\/em><\/p>\n\n\t\t<\/div>\n\t<\/div>\n<div class=\"cz_gap clr \" style=\"height: 15px\"><\/div><\/div><\/div><\/div><div class=\"wpb_column vc_column_container vc_col-sm-12 vc_col-lg-6\"><div class=\"vc_column-inner\"><div class=\"wpb_wrapper\"><div class=\"clr cz_parallax_v_-10\"><div id=\"cz_85108\" class=\"cz_85108 cz_video_popup clr cz_video_popup_bl cz_video_inline xtra-disable-lightbox\"><div><div class=\"cz_vp_c\"><a href=\"https:\/\/www.youtube.com\/watch?v=vPCqTwzh5oU\" class=\"xtra-disable-lightbox\"><img width=\"634\" height=\"475\" src=\"data:image\/svg+xml,%3Csvg%20xmlns%3D&#39;http%3A%2F%2Fwww.w3.org%2F2000%2Fsvg&#39;%20width=&#39;634&#39;%20height=&#39;475&#39;%20viewBox%3D&#39;0%200%20634%20475&#39;%2F%3E\" data-czlz data-src=\"https:\/\/pogrebneusluge-iris.com\/wp-content\/uploads\/2021\/04\/promo22.jpg\" class=\"attachment-full\" alt=\"\" decoding=\"async\" title=\"promo22\" data-srcset=\"https:\/\/pogrebneusluge-iris.com\/wp-content\/uploads\/2021\/04\/promo22.jpg 634w, https:\/\/pogrebneusluge-iris.com\/wp-content\/uploads\/2021\/04\/promo22-300x225.jpg 300w, https:\/\/pogrebneusluge-iris.com\/wp-content\/uploads\/2021\/04\/promo22-16x12.jpg 16w, https:\/\/pogrebneusluge-iris.com\/wp-content\/uploads\/2021\/04\/promo22-600x450.jpg 600w\" data-sizes=\"(max-width: 634px) 100vw, 634px\" \/><div class=\"cz_vp_inner\"><span><i class=\"fa fa-play\"><\/i><\/span><h4>Promo video<small>Pogledaj<\/small><\/h4><\/div><\/a><\/div><\/div><\/div><\/div><\/div><\/div><\/div><\/div><div class=\"vc_row wpb_row vc_row-fluid\"><div class=\"wpb_column vc_column_container vc_col-sm-6\"><div class=\"vc_column-inner\"><div class=\"wpb_wrapper\"><div id=\"cz_76864\" class=\"cz_76864 cz_title clr cz_smart_fs cz_title_pos_inline\"><div class=\"cz_title_shape shape_text cz_shape_1\">Usluge<\/div><div class=\"cz_title_content\"><div class=\"cz_wpe_content\"><h4><span style=\"font-size: 45px;\"><span style=\"color: #d8ae76;\">Na\u0161a<\/span> usluge<\/span><\/h4>\n<\/div><\/div><\/div><div class=\"vc_row wpb_row vc_inner vc_row-fluid\"><div class=\"wpb_column vc_column_container vc_col-sm-6\"><div class=\"vc_column-inner\"><div class=\"wpb_wrapper\"><ul id=\"cz_29735\" class=\"cz_29735 cz_stylish_list clr cz_sl_icon_hover_flash\"><li class=\"clr\"><div class=\"cz_sl_icon\"><i class=\"fa fa-check mr10\"><\/i><\/div><div><span>Pogrebna oprema<\/span><\/div><\/li><li class=\"clr\"><div class=\"cz_sl_icon\"><i class=\"fa fa-check mr10\"><\/i><\/div><div><span>Prevoz pokojnika<\/span><\/div><\/li><\/ul><\/div><\/div><\/div><div class=\"wpb_column vc_column_container vc_col-sm-6\"><div class=\"vc_column-inner\"><div class=\"wpb_wrapper\"><ul id=\"cz_99816\" class=\"cz_99816 cz_stylish_list clr cz_sl_icon_hover_flash\"><li class=\"clr\"><div class=\"cz_sl_icon\"><i class=\"fa fa-check mr10\"><\/i><\/div><div><span>Organizacija sahrane<\/span><\/div><\/li><li class=\"clr\"><div class=\"cz_sl_icon\"><i class=\"fa fa-check mr10\"><\/i><\/div><div><span>Pribavljanje dokumentacije<\/span><\/div><\/li><\/ul><\/div><\/div><\/div><\/div><\/div><\/div><\/div><div class=\"wpb_column vc_column_container vc_col-sm-6\"><div class=\"vc_column-inner\"><div class=\"wpb_wrapper\"><div id=\"cz_87762\" class=\"cz_87762 cz_title clr cz_smart_fs cz_title_pos_inline\"><div class=\"cz_title_shape shape_square cz_title_shape_outline cz_shape_1\"><\/div><div class=\"cz_title_content\"><div class=\"cz_wpe_content\"><h4><span style=\"font-size: 45px;\"><span style=\"color: #d8ae76;\">Prevoz <\/span>pokojnika<\/span><\/h4>\n<\/div><\/div><\/div><div class=\"vc_row wpb_row vc_inner vc_row-fluid\"><div class=\"wpb_column vc_column_container vc_col-sm-12\"><div class=\"vc_column-inner\"><div class=\"wpb_wrapper\">\n\t<div class=\"wpb_text_column wpb_content_element \" >\n\t\t<div class=\"wpb_wrapper\">\n\t\t\t<p>Pored standardnih pogrebnih usluga, vr\u0161imo me\u0111unarodni prevoz preminulih osoba iz inostranstva, odnosno iz svih evropskih zemalja. Kontaktirajte nas i uveri\u0107ete se u najpovoljnije cijene usluga.<\/p>\n\n\t\t<\/div>\n\t<\/div>\n<\/div><\/div><\/div><\/div><\/div><\/div><\/div><\/div><div class=\"vc_row wpb_row vc_row-fluid\"><div class=\"wpb_column vc_column_container vc_col-sm-12\"><div class=\"vc_column-inner\"><div class=\"wpb_wrapper\"><div class=\"cz_eqh cz_content_box_parent_fx  \"><div id=\"cz_95673\" class=\"cz_95673 cz_content_box clr\"><div class=\"cz_box_front clr\"><div class=\"cz_box_front_inner clr \"><span><\/span><div><div class=\"vc_row wpb_row vc_inner vc_row-fluid\"><div class=\"wpb_column vc_column_container vc_col-sm-12 vc_col-lg-8\"><div class=\"vc_column-inner\"><div class=\"wpb_wrapper\"><div id=\"cz_88515\" class=\"cz_88515 cz_title clr cz_mobile_text_center cz_title_pos_inline\"><div class=\"cz_title_shape shape_icon cz_shape_1\"><i class=\"fas fa-cross\"><\/i><\/div><div class=\"cz_title_content\"><div class=\"cz_wpe_content\"><h3><span style=\"margin-bottom: 10px; display: inline-block; font-size: 30px;\">Zatra\u017eite ponudu odmah<\/span><\/h3>\n<p>Ukoliko imate bilo kakvih pitanja, ne ustru\u010davajte se da nas kontaktirate.<\/p>\n<\/div><\/div><\/div><\/div><\/div><\/div><div class=\"wpb_column vc_column_container vc_col-sm-12 vc_col-lg-4\"><div class=\"vc_column-inner\"><div class=\"wpb_wrapper\"><div class=\"cz_btn_center\"><div class=\"cz_89863_p\"><a id=\"cz_89863\" class=\"cz_89863 cz_btn cz_btn_txt_move_up cz_btn_zoom_in\" href=\"https:\/\/pogrebneusluge-iris.com\/kontakt\/\" title=\"Kontakt\"><span><i class=\"fa czico-123-call\"><\/i><strong>KONTAKTIRAJTE NAS<\/strong><\/span><b class=\"cz_btn_onhover\"><i class=\"fa czico-123-call\"><\/i><strong>KONTAKTIRAJTE NAS<\/strong><\/b><\/a><\/div><\/div><\/div><\/div><\/div><\/div><\/div><\/div><\/div><\/div><\/div><\/div><\/div><\/div><\/div>\n<\/section>","protected":false},"excerpt":{"rendered":"O namaO nama Na\u0161a misija i vizija Pogrebno preduze\u0107e \u201cINES\u201d osnovano je 1999. godine kao porodi\u010dan posao u vlasni\u0161tvu porodice","protected":false},"author":1,"featured_media":0,"parent":0,"menu_order":0,"comment_status":"closed","ping_status":"closed","template":"","meta":{"om_disable_all_campaigns":false,"_monsterinsights_skip_tracking":false,"_monsterinsights_sitenote_active":false,"_monsterinsights_sitenote_note":"","_monsterinsights_sitenote_category":0},"aioseo_notices":[],"_links":{"self":[{"href":"https:\/\/pogrebneusluge-iris.com\/sr\/wp-json\/wp\/v2\/pages\/11"}],"collection":[{"href":"https:\/\/pogrebneusluge-iris.com\/sr\/wp-json\/wp\/v2\/pages"}],"about":[{"href":"https:\/\/pogrebneusluge-iris.com\/sr\/wp-json\/wp\/v2\/types\/page"}],"author":[{"embeddable":true,"href":"https:\/\/pogrebneusluge-iris.com\/sr\/wp-json\/wp\/v2\/users\/1"}],"replies":[{"embeddable":true,"href":"https:\/\/pogrebneusluge-iris.com\/sr\/wp-json\/wp\/v2\/comments?post=11"}],"version-history":[{"count":18,"href":"https:\/\/pogrebneusluge-iris.com\/sr\/wp-json\/wp\/v2\/pages\/11\/revisions"}],"predecessor-version":[{"id":1390,"href":"https:\/\/pogrebneusluge-iris.com\/sr\/wp-json\/wp\/v2\/pages\/11\/revisions\/1390"}],"wp:attachment":[{"href":"https:\/\/pogrebneusluge-iris.com\/sr\/wp-json\/wp\/v2\/media?parent=11"}],"curies":[{"name":"wp","href":"https:\/\/api.w.org\/{rel}","templated":true}]}}