{"id":1227,"date":"2021-04-12T05:51:38","date_gmt":"2021-04-12T05:51:38","guid":{"rendered":"https:\/\/pogrebneusluge-iris.com\/?page_id=1227"},"modified":"2021-04-26T11:45:50","modified_gmt":"2021-04-26T11:45:50","slug":"organizacija-sahrane","status":"publish","type":"page","link":"https:\/\/pogrebneusluge-iris.com\/sr\/organizacija-sahrane\/","title":{"rendered":"ORGANIZACIJA SAHRANE"},"content":{"rendered":"<section class=\"wpb-content-wrapper\"><div class=\"vc_row wpb_row vc_row-fluid\"><div class=\"wpb_column vc_column_container vc_col-sm-12 vc_col-lg-6\"><div class=\"vc_column-inner\"><div class=\"wpb_wrapper\"><div class=\"cz_gap clr  hide_on_tablet hide_on_mobile\" style=\"height: 50px\"><\/div><div class=\"cz_gap show_on_tablet clr \" style=\"height: 0px\"><\/div><div id=\"cz_72902\" class=\"cz_72902 cz_title clr cz_title_pos_inline\"><div class=\"cz_title_content\"><div class=\"cz_wpe_content\"><h2 style=\"text-align: left;\">Organizacija sahrane<\/h2>\n<\/div><\/div><\/div><div id=\"cz_19344\" class=\"cz_19344 cz_title clr cz_mobile_text_center cz_title_pos_inline\"><div class=\"cz_title_content\"><div class=\"cz_wpe_content\"><p>Na\u0161e preduze\u0107e vr\u0161i i slede\u0107e usluge u vezi sa organizacijom sahrane:<\/p>\n<p><strong>\u2605 Organizacija kompletne sahrane i preuzimanje pokojnika<\/strong><\/p>\n<p><strong>\u2605 Pribavljanje kompletne dokumentacije<\/strong><\/p>\n<p><strong>\u2605 Zakazivanje termina sahrana<\/strong><\/p>\n<p><strong>\u2605 Izrada \u010ditulja za preminule<\/strong><\/p>\n<p><strong>\u2605 Prevoz do grobnog mesta<\/strong><\/p>\n<p><strong>\u2605 Ugovaranje sale za ru\u010dak<\/strong><\/p>\n<\/div><\/div><\/div><div class=\"cz_gap clr \" style=\"height: 70px\"><\/div><\/div><\/div><\/div><div class=\"wpb_column vc_column_container vc_col-sm-12 vc_col-lg-6\"><div class=\"vc_column-inner vc_custom_1514376487179\"><div class=\"wpb_wrapper\"><div id=\"cz_34338\" class=\"cz_34338 cz_image clr cz_image_no_fx center_on_mobile\"><div class=\"cz_svg_bg\" ><div class=\"cz_image_in\" data-tilt><div class=\"cz_main_image\"><img width=\"887\" height=\"692\" src=\"data:image\/svg+xml,%3Csvg%20xmlns%3D&#39;http%3A%2F%2Fwww.w3.org%2F2000%2Fsvg&#39;%20width=&#39;887&#39;%20height=&#39;692&#39;%20viewBox%3D&#39;0%200%20887%20692&#39;%2F%3E\" data-czlz data-src=\"https:\/\/pogrebneusluge-iris.com\/wp-content\/uploads\/2021\/04\/sahranaas.jpg\" class=\"attachment-full\" alt=\"\" decoding=\"async\" title=\"sahranaas\" data-srcset=\"https:\/\/pogrebneusluge-iris.com\/wp-content\/uploads\/2021\/04\/sahranaas.jpg 887w, https:\/\/pogrebneusluge-iris.com\/wp-content\/uploads\/2021\/04\/sahranaas-300x234.jpg 300w, https:\/\/pogrebneusluge-iris.com\/wp-content\/uploads\/2021\/04\/sahranaas-768x599.jpg 768w, https:\/\/pogrebneusluge-iris.com\/wp-content\/uploads\/2021\/04\/sahranaas-16x12.jpg 16w, https:\/\/pogrebneusluge-iris.com\/wp-content\/uploads\/2021\/04\/sahranaas-600x468.jpg 600w\" data-sizes=\"(max-width: 887px) 100vw, 887px\" \/><\/div><\/div><\/div><\/div><\/div><\/div><\/div><\/div><div class=\"vc_row wpb_row vc_row-fluid\"><div class=\"wpb_column vc_column_container vc_col-sm-6\"><div class=\"vc_column-inner\"><div class=\"wpb_wrapper\"><div id=\"cz_17006\" class=\"cz_grid_p cz_17006\"><div class=\"cz_grid cz_grid_1 clr cz_grid_c2 cz_grid_1_no_hover cz_grid_1_mid tac cz_grid_disable_links\" data-gap=\"20\"><div class=\"cz_grid_item cz_grid_first\"><\/div><\/div><\/div><\/div><\/div><\/div><\/div>\n<\/section>","protected":false},"excerpt":{"rendered":"Organizacija sahrane Na\u0161e preduze\u0107e vr\u0161i i slede\u0107e usluge u vezi sa organizacijom sahrane: \u2605 Organizacija kompletne sahrane i preuzimanje pokojnika","protected":false},"author":1,"featured_media":0,"parent":0,"menu_order":0,"comment_status":"closed","ping_status":"closed","template":"","meta":{"om_disable_all_campaigns":false,"_monsterinsights_skip_tracking":false,"_monsterinsights_sitenote_active":false,"_monsterinsights_sitenote_note":"","_monsterinsights_sitenote_category":0},"aioseo_notices":[],"_links":{"self":[{"href":"https:\/\/pogrebneusluge-iris.com\/sr\/wp-json\/wp\/v2\/pages\/1227"}],"collection":[{"href":"https:\/\/pogrebneusluge-iris.com\/sr\/wp-json\/wp\/v2\/pages"}],"about":[{"href":"https:\/\/pogrebneusluge-iris.com\/sr\/wp-json\/wp\/v2\/types\/page"}],"author":[{"embeddable":true,"href":"https:\/\/pogrebneusluge-iris.com\/sr\/wp-json\/wp\/v2\/users\/1"}],"replies":[{"embeddable":true,"href":"https:\/\/pogrebneusluge-iris.com\/sr\/wp-json\/wp\/v2\/comments?post=1227"}],"version-history":[{"count":4,"href":"https:\/\/pogrebneusluge-iris.com\/sr\/wp-json\/wp\/v2\/pages\/1227\/revisions"}],"predecessor-version":[{"id":1394,"href":"https:\/\/pogrebneusluge-iris.com\/sr\/wp-json\/wp\/v2\/pages\/1227\/revisions\/1394"}],"wp:attachment":[{"href":"https:\/\/pogrebneusluge-iris.com\/sr\/wp-json\/wp\/v2\/media?parent=1227"}],"curies":[{"name":"wp","href":"https:\/\/api.w.org\/{rel}","templated":true}]}}