{"id":1229,"date":"2021-04-12T05:51:55","date_gmt":"2021-04-12T05:51:55","guid":{"rendered":"https:\/\/pogrebneusluge-iris.com\/?page_id=1229"},"modified":"2021-04-26T11:54:31","modified_gmt":"2021-04-26T11:54:31","slug":"administrativni-poslovi","status":"publish","type":"page","link":"https:\/\/pogrebneusluge-iris.com\/sr\/administrativni-poslovi\/","title":{"rendered":"ADMINISTRATIVNI POSLOVI"},"content":{"rendered":"<section class=\"wpb-content-wrapper\"><div class=\"vc_row wpb_row vc_row-fluid\"><div class=\"wpb_column vc_column_container vc_col-sm-12 vc_col-lg-6\"><div class=\"vc_column-inner\"><div class=\"wpb_wrapper\"><div class=\"cz_gap clr  hide_on_tablet hide_on_mobile\" style=\"height: 50px\"><\/div><div class=\"cz_gap show_on_tablet clr \" style=\"height: 0px\"><\/div><div id=\"cz_67474\" class=\"cz_67474 cz_title clr cz_title_pos_inline\"><div class=\"cz_title_content\"><div class=\"cz_wpe_content\"><h2 style=\"text-align: left;\">Pribavljanje dokumentacije<\/h2>\n<\/div><\/div><\/div><div class=\"cz_gap clr  hide_on_tablet hide_on_mobile\" style=\"height: 10px\"><\/div><div class=\"cz_gap show_on_tablet clr \" style=\"height: 0px\"><\/div><div id=\"cz_78203\" class=\"cz_78203 cz_title clr cz_mobile_text_center cz_title_pos_inline\"><div class=\"cz_title_content\"><div class=\"cz_wpe_content\"><p>Dokumentacija za obavljanje sahrane u Srbiji potrebna je samo potvrda o smrti koja se dobija od doktora (patologa), ako je lice preminulo van bolnice ili na odelenju ustanove gde je lice lezalo, nakon toga sa tom potvrdom i li\u010dnom kartom u op\u0161tini grada vadi se izvod iz mati\u010dne knjige umrlih.<\/p>\n<\/div><\/div><\/div><div class=\"cz_gap clr  hide_on_tablet hide_on_mobile\" style=\"height: 10px\"><\/div><div class=\"cz_gap show_on_tablet clr \" style=\"height: 0px\"><\/div><div id=\"cz_103956\" class=\"cz_103956 cz_title clr cz_mobile_text_center cz_title_pos_inline\"><div class=\"cz_title_content\"><div class=\"cz_wpe_content\"><p><strong>Umanjenje pogrebnih tro\u0161kova<br \/>\n<\/strong><\/p>\n<\/div><\/div><\/div><div class=\"cz_gap clr  hide_on_tablet hide_on_mobile\" style=\"height: 10px\"><\/div><div class=\"cz_gap show_on_tablet clr \" style=\"height: 0px\"><\/div><div id=\"cz_32664\" class=\"cz_32664 cz_title clr cz_mobile_text_center cz_title_pos_inline\"><div class=\"cz_title_content\"><div class=\"cz_wpe_content\"><p>Lice koje je snosilo tro\u0161kove sahrane u slu\u010daju da je preminula osoba bila penzioner Republike Srbije ima pravo na umanjenje pogrebnih tro\u0161kova. Visinu umanjenja utvr\u0111uje Republi\u010dki font za penzijsko i invalidsko osiguranje. Uz zahtev koji mo\u017eete preuzeti kod nas prila\u017ee se slede\u0107e:<\/p>\n<ul>\n<li>izvod iz mati\u010dne knjige umrlih (2 fotokopije)<\/li>\n<li>fotokopija li\u010dne karte podnosioca zahteva<\/li>\n<li>broj teku\u0107eg ra\u010duna lica koje je snosilo tro\u0161kove sahrane<\/li>\n<li>poslednji \u010dek od penzije preminulog lica<\/li>\n<li>ra\u010dun iz pogrebnog preduze\u0107a<\/li>\n<\/ul>\n<\/div><\/div><\/div><div class=\"cz_gap clr \" style=\"height: 70px\"><\/div><\/div><\/div><\/div><div class=\"wpb_column vc_column_container vc_col-sm-12 vc_col-lg-6\"><div class=\"vc_column-inner vc_custom_1514376487179\"><div class=\"wpb_wrapper\"><div id=\"cz_78711\" class=\"cz_78711 cz_image clr cz_image_no_fx center_on_mobile\"><div class=\"cz_svg_bg\" ><div class=\"cz_image_in\" data-tilt><div class=\"cz_main_image\"><img width=\"887\" height=\"692\" src=\"data:image\/svg+xml,%3Csvg%20xmlns%3D&#39;http%3A%2F%2Fwww.w3.org%2F2000%2Fsvg&#39;%20width=&#39;887&#39;%20height=&#39;692&#39;%20viewBox%3D&#39;0%200%20887%20692&#39;%2F%3E\" data-czlz data-src=\"https:\/\/pogrebneusluge-iris.com\/wp-content\/uploads\/2021\/04\/dokumentacija.jpg\" class=\"attachment-full\" alt=\"\" decoding=\"async\" title=\"dokumentacija\" data-srcset=\"https:\/\/pogrebneusluge-iris.com\/wp-content\/uploads\/2021\/04\/dokumentacija.jpg 887w, https:\/\/pogrebneusluge-iris.com\/wp-content\/uploads\/2021\/04\/dokumentacija-300x234.jpg 300w, https:\/\/pogrebneusluge-iris.com\/wp-content\/uploads\/2021\/04\/dokumentacija-768x599.jpg 768w, https:\/\/pogrebneusluge-iris.com\/wp-content\/uploads\/2021\/04\/dokumentacija-16x12.jpg 16w, https:\/\/pogrebneusluge-iris.com\/wp-content\/uploads\/2021\/04\/dokumentacija-600x468.jpg 600w\" data-sizes=\"(max-width: 887px) 100vw, 887px\" \/><\/div><\/div><\/div><\/div><\/div><\/div><\/div><\/div>\n<\/section>","protected":false},"excerpt":{"rendered":"Pribavljanje dokumentacije Dokumentacija za obavljanje sahrane u Srbiji potrebna je samo potvrda o smrti koja se dobija od doktora (patologa),","protected":false},"author":1,"featured_media":0,"parent":0,"menu_order":0,"comment_status":"closed","ping_status":"closed","template":"","meta":{"om_disable_all_campaigns":false,"_monsterinsights_skip_tracking":false,"_monsterinsights_sitenote_active":false,"_monsterinsights_sitenote_note":"","_monsterinsights_sitenote_category":0},"aioseo_notices":[],"_links":{"self":[{"href":"https:\/\/pogrebneusluge-iris.com\/sr\/wp-json\/wp\/v2\/pages\/1229"}],"collection":[{"href":"https:\/\/pogrebneusluge-iris.com\/sr\/wp-json\/wp\/v2\/pages"}],"about":[{"href":"https:\/\/pogrebneusluge-iris.com\/sr\/wp-json\/wp\/v2\/types\/page"}],"author":[{"embeddable":true,"href":"https:\/\/pogrebneusluge-iris.com\/sr\/wp-json\/wp\/v2\/users\/1"}],"replies":[{"embeddable":true,"href":"https:\/\/pogrebneusluge-iris.com\/sr\/wp-json\/wp\/v2\/comments?post=1229"}],"version-history":[{"count":5,"href":"https:\/\/pogrebneusluge-iris.com\/sr\/wp-json\/wp\/v2\/pages\/1229\/revisions"}],"predecessor-version":[{"id":1396,"href":"https:\/\/pogrebneusluge-iris.com\/sr\/wp-json\/wp\/v2\/pages\/1229\/revisions\/1396"}],"wp:attachment":[{"href":"https:\/\/pogrebneusluge-iris.com\/sr\/wp-json\/wp\/v2\/media?parent=1229"}],"curies":[{"name":"wp","href":"https:\/\/api.w.org\/{rel}","templated":true}]}}