{"id":3,"date":"2021-04-09T16:30:13","date_gmt":"2021-04-09T16:30:13","guid":{"rendered":"https:\/\/pogrebneusluge-iris.com\/?page_id=3"},"modified":"2021-04-14T14:26:48","modified_gmt":"2021-04-14T14:26:48","slug":"impressum","status":"publish","type":"page","link":"https:\/\/pogrebneusluge-iris.com\/sr\/impressum\/","title":{"rendered":"IMPRESSUM"},"content":{"rendered":"<section class=\"wpb-content-wrapper\"><div class=\"vc_row wpb_row vc_row-fluid\"><div class=\"wpb_column vc_column_container vc_col-sm-12\"><div class=\"vc_column-inner\"><div class=\"wpb_wrapper\">\n\t<div class=\"wpb_text_column wpb_content_element \" >\n\t\t<div class=\"wpb_wrapper\">\n\t\t\t<h2>Ko smo mi?<\/h2>\n<p><strong>Zastupni\u0161tvo u Srbiji:<\/strong><\/p>\n<p>Pogrebne usluge IRIS<\/p>\n<p>Miodraga Novakovi\u0107a bb, \u0106uprija, Republika Srbija<\/p>\n<p><strong>Zastupni\u0161tvo u Bugarskoj:<\/strong><\/p>\n<p>\u041f\u043e\u0433\u0440\u0435\u0431\u0430\u043b\u043d\u0430 \u0430\u0433\u0435\u043d\u0446\u0438\u044f \u0438 \u0422\u0440\u0430\u0443\u0440\u043d\u0430 \u0410\u0433\u0435\u043d\u0446\u0438\u044f<\/p>\n<p>Bulevar Vistosha, \u0421\u043e\u0444\u0438\u044f, Bugarska<\/p>\n<p><strong>Kontakt:<\/strong><\/p>\n<p>Email: bestattng.iris@gmail.com<\/p>\n<p>Telefon: <span class=\"cz_info_2\">+43 664 7921557<\/span><\/p>\n<p><strong>Odgovorna osoba:<\/strong> Mi\u0161a Brankovi\u0107<\/p>\n<p><b>Link za na\u0161 web sajt je<\/b>: <a href=\"http:\/\/pogrebneusluge-iris.com\">pogrebneusluge-iris.com<\/a>, <a href=\"http:\/\/iris-cuprija.com\">iris-cuprija.com<\/a>, <a href=\"http:\/\/iris-cuprija.co.rs\">iris-cuprija.co.rs<\/a><\/p>\n<h2>Komentari<\/h2>\n<p>Kada posjetitelji ostavljaju komentare na na\u0161oj web stranici, mi prikupljamo podatke prikazane u obrascu za komentare, a tako\u0111er i IP adresu posjetitelja i niz korisni\u010dkih agenata preglednika za pomo\u0107 u otkrivanju ne\u017eeljene po\u0161te.<\/p>\n<p>&nbsp;<\/p>\n<h2>Media<\/h2>\n<p>Ako \u0161aljete slike na na\u0161u web stranicu, izbjegavajte slanje slika s ugra\u0111enim podacima o lokaciji (EXIF GPS). Posjetitelji web stranice mogu preuzeti i izvu\u0107i va\u0161e podatke o lokaciji sa slika na web stranici.<\/p>\n<p>&nbsp;<\/p>\n<h2>Kola\u010di\u0107i<\/h2>\n<p>Ako ostavite komentar na na\u0161oj web stranici, mo\u017eete se odlu\u010diti za spremanje va\u0161eg imena, adrese e-po\u0161te i web stranice u kola\u010di\u0107e. Ovo je za va\u0161u udobnost, tako da ne morate ponovo popunjavati svoje podatke kada ostavite novi komentar. Ovi kola\u010di\u0107i \u0107e trajati godinu dana.<\/p>\n<p>Ako posjetite na\u0161u stranicu za prijavu, postavi\u0107emo privremeni kola\u010di\u0107 kako bismo utvrdili prihva\u0107a li va\u0161 pretra\u017eiva\u010d kola\u010di\u0107e. Ovaj kola\u010di\u0107 ne sadr\u017ei li\u010dne podatke i odbacuje se kada zatvorite preglednik.<\/p>\n<p>Kada se prijavite, postavi\u0107emo i nekoliko kola\u010di\u0107a za spremanje va\u0161ih podataka za prijavu i izbora prikaza na ekranu. Kola\u010di\u0107i za prijavu traju dva dana, a kola\u010di\u0107i za opcije zaslona traju godinu dana. Ako odaberete &#8222;Zapamti me&#8220;, va\u0161a prijava trajat \u0107e dva tjedna. Ako se odjavite sa svog ra\u010duna, kola\u010di\u0107i za prijavu bit \u0107e uklonjeni.<\/p>\n<p>Ako uredite ili objavite \u010dlanak, dodatni kola\u010di\u0107 \u0107e biti sa\u010duvani u va\u0161em pretra\u017eiva\u010du. Ovaj kola\u010di\u0107 ne sadr\u017ei li\u010dne podatke i jednostavno ukazuje na ID posta \u010dlanka koji ste upravo uredili. Istje\u010de nakon jednog dana.<\/p>\n<p>&nbsp;<\/p>\n<h2>Ugra\u0111eni sadr\u017eaj sa drugih web stranica<\/h2>\n<p>\u010clanci na ovoj stranici mogu sadr\u017eavati ugra\u0111eni sadr\u017eaj (npr. Videozapise, slike, \u010dlanke itd.). Ugra\u0111eni sadr\u017eaj s drugih web lokacija pona\u0161a se na potpuno isti na\u010din kao da je posjetitelj posjetio drugu web stranicu.<\/p>\n<p>Ove web stranice mogu prikupljati podatke o vama, koristiti kola\u010di\u0107e, ugra\u0111ivati dodatno pra\u0107enje tre\u0107e strane i nadgledati va\u0161u interakciju s tim ugra\u0111enim sadr\u017eajem, uklju\u010duju\u0107i pra\u0107enje va\u0161e interakcije s ugra\u0111enim sadr\u017eajem ako imate ra\u010dun i ako ste prijavljeni na tu web stranicu.<\/p>\n<p>&nbsp;<\/p>\n<p>&nbsp;<\/p>\n<h2>Kakva prava imate na svoje podatke<\/h2>\n<p>Ako imate ra\u010dun na ovoj stranici ili ste ostavili komentare, mo\u017eete zatra\u017eiti primanje izvezene datoteke li\u010dnih podataka koje imamo o vama, uklju\u010duju\u0107i sve podatke koje ste nam dostavili. Tako\u0111e mo\u017eete zatra\u017eiti da izbri\u0161emo sve li\u010dne podatke koje imamo o vama. Ovo ne uklju\u010duje podatke koje smo du\u017eni \u010duvati u administrativne, pravne ili sigurnosne svrhe.<\/p>\n<p>&nbsp;<\/p>\n<p>&nbsp;<\/p>\n\n\t\t<\/div>\n\t<\/div>\n<\/div><\/div><\/div><\/div>\n<\/section>","protected":false},"excerpt":{"rendered":"Ko smo mi? Zastupni\u0161tvo u Srbiji: Pogrebne usluge IRIS Miodraga Novakovi\u0107a bb, \u0106uprija, Republika Srbija Zastupni\u0161tvo u Bugarskoj: \u041f\u043e\u0433\u0440\u0435\u0431\u0430\u043b\u043d\u0430 \u0430\u0433\u0435\u043d\u0446\u0438\u044f","protected":false},"author":1,"featured_media":0,"parent":0,"menu_order":0,"comment_status":"closed","ping_status":"closed","template":"","meta":{"om_disable_all_campaigns":false,"_monsterinsights_skip_tracking":false,"_monsterinsights_sitenote_active":false,"_monsterinsights_sitenote_note":"","_monsterinsights_sitenote_category":0},"aioseo_notices":[],"_links":{"self":[{"href":"https:\/\/pogrebneusluge-iris.com\/sr\/wp-json\/wp\/v2\/pages\/3"}],"collection":[{"href":"https:\/\/pogrebneusluge-iris.com\/sr\/wp-json\/wp\/v2\/pages"}],"about":[{"href":"https:\/\/pogrebneusluge-iris.com\/sr\/wp-json\/wp\/v2\/types\/page"}],"author":[{"embeddable":true,"href":"https:\/\/pogrebneusluge-iris.com\/sr\/wp-json\/wp\/v2\/users\/1"}],"replies":[{"embeddable":true,"href":"https:\/\/pogrebneusluge-iris.com\/sr\/wp-json\/wp\/v2\/comments?post=3"}],"version-history":[{"count":6,"href":"https:\/\/pogrebneusluge-iris.com\/sr\/wp-json\/wp\/v2\/pages\/3\/revisions"}],"predecessor-version":[{"id":1312,"href":"https:\/\/pogrebneusluge-iris.com\/sr\/wp-json\/wp\/v2\/pages\/3\/revisions\/1312"}],"wp:attachment":[{"href":"https:\/\/pogrebneusluge-iris.com\/sr\/wp-json\/wp\/v2\/media?parent=3"}],"curies":[{"name":"wp","href":"https:\/\/api.w.org\/{rel}","templated":true}]}}