{"id":4,"date":"2017-06-10T08:21:56","date_gmt":"2017-06-10T08:21:56","guid":{"rendered":"http:\/\/xtratheme.comlawyers\/?page_id=4"},"modified":"2021-04-26T12:07:35","modified_gmt":"2021-04-26T12:07:35","slug":"pocetna","status":"publish","type":"page","link":"https:\/\/pogrebneusluge-iris.com\/sr\/","title":{"rendered":"PO\u010cETNA"},"content":{"rendered":"<section class=\"wpb-content-wrapper\"><div class=\"vc_row wpb_row vc_row-fluid\"><div class=\"wpb_column vc_column_container vc_col-sm-6 vc_col-lg-3\"><div class=\"vc_column-inner\"><div class=\"wpb_wrapper\"><div class=\"cz_eqh cz_content_box_parent_fx  \"><div class=\"fx_grayscale_hover\"><div id=\"cz_81703\" class=\"cz_81703 cz_content_box clr\"><div class=\"cz_box_front clr\"><div class=\"cz_box_front_inner clr \"><span><\/span><div><div id=\"cz_16391\" class=\"cz_16391 cz_title clr cz_title_pos_inline tac\"><a href=\"https:\/\/pogrebneusluge-iris.com\/pogrebna-oprema\/\" title=\"POGREBNA OPREMA\"><div class=\"cz_title_content\"><div class=\"cz_wpe_content\"><h3 style=\"text-align: center;\">Pogrebna oprema<\/h3>\n<p>&nbsp;<\/p>\n<p style=\"text-align: center;\">Nudimo \u0161irok asortiman pogrebne opreme izra\u0111ene od najkvalitetnijih materijala po svjetskim standardima.<\/p>\n<\/div><\/div><\/a><\/div><\/div><\/div><\/div><\/div><\/div><\/div><div class=\"cz_gap clr  hide_on_tablet hide_on_mobile\" style=\"height: 20px\"><\/div><div class=\"cz_gap show_on_tablet clr \" style=\"height: 40px\"><\/div><\/div><\/div><\/div><div class=\"wpb_column vc_column_container vc_col-sm-6 vc_col-lg-3\"><div class=\"vc_column-inner\"><div class=\"wpb_wrapper\"><div class=\"cz_eqh cz_content_box_parent_fx  \"><div class=\"fx_grayscale_hover\"><div id=\"cz_105977\" class=\"cz_105977 cz_content_box clr\"><div class=\"cz_box_front clr\"><div class=\"cz_box_front_inner clr \"><span><\/span><div><div id=\"cz_64443\" class=\"cz_64443 cz_title clr cz_title_pos_inline tac\"><a href=\"https:\/\/pogrebneusluge-iris.com\/prevoz-pokojnika\/\" title=\"PREVOZ POKOJNIKA\"><div class=\"cz_title_content\"><div class=\"cz_wpe_content\"><h3 style=\"text-align: center;\">Prevoz pokojnika<\/h3>\n<p>&nbsp;<\/p>\n<p style=\"text-align: center;\">Na\u0161e preduze\u0107e nudi brz i pouzdan prevoz preminulih u zemlji i inostranstvu.<\/p>\n<p>&nbsp;<\/p>\n<\/div><\/div><\/a><\/div><\/div><\/div><\/div><\/div><\/div><\/div><div class=\"cz_gap clr  hide_on_tablet hide_on_mobile\" style=\"height: 20px\"><\/div><div class=\"cz_gap show_on_tablet clr \" style=\"height: 40px\"><\/div><\/div><\/div><\/div><div class=\"wpb_column vc_column_container vc_col-sm-6 vc_col-lg-3\"><div class=\"vc_column-inner\"><div class=\"wpb_wrapper\"><div class=\"cz_eqh cz_content_box_parent_fx  \"><div class=\"fx_grayscale_hover\"><div id=\"cz_63366\" class=\"cz_63366 cz_content_box clr\"><div class=\"cz_box_front clr\"><div class=\"cz_box_front_inner clr \"><span><\/span><div><div id=\"cz_67009\" class=\"cz_67009 cz_title clr cz_title_pos_inline tac\"><a href=\"https:\/\/pogrebneusluge-iris.com\/organizacija-sahrane\/\" title=\"ORGANIZACIJA SAHRANE\"><div class=\"cz_title_content\"><div class=\"cz_wpe_content\"><h3 style=\"text-align: center;\">Organizacija sahrane<\/h3>\n<p>&nbsp;<\/p>\n<p style=\"text-align: center;\">Organizujemo kompletnu sahranu u cilju da va\u0161i preminuli budu ispra\u0107eni na dostojanstven na\u010din.<\/p>\n<\/div><\/div><\/a><\/div><\/div><\/div><\/div><\/div><\/div><\/div><div class=\"cz_gap clr  hide_on_tablet hide_on_mobile\" style=\"height: 20px\"><\/div><div class=\"cz_gap show_on_tablet clr \" style=\"height: 40px\"><\/div><\/div><\/div><\/div><div class=\"wpb_column vc_column_container vc_col-sm-6 vc_col-lg-3\"><div class=\"vc_column-inner\"><div class=\"wpb_wrapper\"><div class=\"cz_eqh cz_content_box_parent_fx  \"><div class=\"fx_grayscale_hover\"><div id=\"cz_34959\" class=\"cz_34959 cz_content_box clr\"><div class=\"cz_box_front clr\"><div class=\"cz_box_front_inner clr \"><span><\/span><div><div id=\"cz_102325\" class=\"cz_102325 cz_title clr cz_title_pos_inline tac\"><a href=\"https:\/\/pogrebneusluge-iris.com\/administrativni-poslovi\/\" title=\"ADMINISTRATIVNI POSLOVI\"><div class=\"cz_title_content\"><div class=\"cz_wpe_content\"><h3 style=\"text-align: center;\">Pribavljanje dokumentacije<\/h3>\n<p>&nbsp;<\/p>\n<p style=\"text-align: center;\">Nudimo usluge pribavljanja kompletne dokumentacije za sahranu.<\/p>\n<\/div><\/div><\/a><\/div><\/div><\/div><\/div><\/div><\/div><\/div><div class=\"cz_gap clr  hide_on_tablet hide_on_mobile\" style=\"height: 20px\"><\/div><div class=\"cz_gap show_on_tablet clr \" style=\"height: 40px\"><\/div><\/div><\/div><\/div><\/div><div class=\"vc_row wpb_row vc_row-fluid\"><div class=\"wpb_column vc_column_container vc_col-sm-12\"><div class=\"vc_column-inner\"><div class=\"wpb_wrapper\"><div class=\"cz_gap clr  hide_on_tablet hide_on_mobile\" style=\"height: 120px\"><\/div><div class=\"cz_gap show_on_tablet clr  show_only_tablet\" style=\"height: 20px\"><\/div><div class=\"cz_gap show_on_mobile clr\" style=\"height: 20px\"><\/div><\/div><\/div><\/div><\/div><div class=\"vc_row wpb_row vc_row-fluid\"><div class=\"wpb_column vc_column_container vc_col-sm-12 vc_col-lg-6\"><div class=\"vc_column-inner\"><div class=\"wpb_wrapper\"><div id=\"cz_109907\" class=\"cz_109907 cz_image clr cz_image_no_fx center_on_mobile\"><div class=\"\" ><div class=\"cz_image_in\"><div class=\"cz_main_image\"><img width=\"634\" height=\"475\" src=\"data:image\/svg+xml,%3Csvg%20xmlns%3D&#39;http%3A%2F%2Fwww.w3.org%2F2000%2Fsvg&#39;%20width=&#39;634&#39;%20height=&#39;475&#39;%20viewBox%3D&#39;0%200%20634%20475&#39;%2F%3E\" data-czlz data-src=\"https:\/\/pogrebneusluge-iris.com\/wp-content\/uploads\/2021\/04\/promo22.jpg\" class=\"attachment-full\" alt=\"\" decoding=\"async\" title=\"promo22\" data-srcset=\"https:\/\/pogrebneusluge-iris.com\/wp-content\/uploads\/2021\/04\/promo22.jpg 634w, https:\/\/pogrebneusluge-iris.com\/wp-content\/uploads\/2021\/04\/promo22-300x225.jpg 300w, https:\/\/pogrebneusluge-iris.com\/wp-content\/uploads\/2021\/04\/promo22-16x12.jpg 16w, https:\/\/pogrebneusluge-iris.com\/wp-content\/uploads\/2021\/04\/promo22-600x450.jpg 600w\" data-sizes=\"(max-width: 634px) 100vw, 634px\" \/><\/div><\/div><\/div><\/div><div class=\"cz_gap clr  hide_on_tablet hide_on_mobile\" style=\"height: 30px\"><\/div><div class=\"cz_gap show_on_tablet clr \" style=\"height: 30px\"><\/div><\/div><\/div><\/div><div class=\"wpb_column vc_column_container vc_col-sm-12 vc_col-lg-6\"><div class=\"vc_column-inner\"><div class=\"wpb_wrapper\"><div id=\"cz_98349\" class=\"cz_98349 cz_title clr cz_smart_fs cz_title_pos_inline\"><div class=\"cz_title_content\"><div class=\"cz_wpe_content\"><h5><span style=\"font-size: 26px;\">Treba vam neko pouzdan, profesionalan i brz ? <\/span><\/h5>\n<h3><span style=\"font-size: 38px;\"><span style=\"color: #d8ae76;\">Pogrebne usluge<\/span> <\/span><\/h3>\n<\/div><\/div><\/div><div id=\"cz_70201\" class=\"cz_70201 cz_title clr cz_smart_fs cz_title_pos_inline\"><div class=\"cz_title_content\"><div class=\"cz_wpe_content\"><p><strong>24 JUN IRIS AG<\/strong><\/p>\n<p><span style=\"font-size: 20px;\"><span style=\"color: #d8ae76;\">Prevoz<\/span> <span style=\"color: #fffff;\">umrlih<\/span><span style=\"color: #d8ae76;\"> iz \u0160vajcarske, Njema\u010dke, Austrije, Holandije, Norve\u0161ke, \u0160vedske, Italije i drugih evropskih zemalja do<br \/>\n\u2192 Srbije, Bosne, Crne Gore, Makendonije, Bugarske, Kosova, Rumunije, \u010ce\u0161ke, Slova\u010dke itd&#8230;<\/span><\/span><br \/>\n<span style=\"color: #ffffff;\">Kompletna papirologija bez prisustva familije i porodice, agencija zavr\u0161ava na ovla\u0161tenje.<\/span><span style=\"color: #ffffff;\"> Obezbje\u0111en prevoz PUTNIKA i o\u017ealo\u0161\u0107enih do mjesta sahrane, po \u017eelji.<\/span><\/p>\n<\/div><\/div><\/div><div id=\"cz_25307\" class=\"cz_25307 cz_title clr cz_smart_fs cz_title_pos_inline\"><div class=\"cz_title_content\"><div class=\"cz_wpe_content\"><h3>Pogrebne usluge IRIS<\/h3>\n<h3>Bestattung IRIS<\/h3>\n<h3>POGREBALNA AGENCI\u042f I TRAURNI DE\u0419NOST<\/h3>\n<h3><\/h3>\n<h3><\/h3>\n<\/div><\/div><\/div><div class=\"cz_gap clr  hide_on_tablet hide_on_mobile\" style=\"height: 30px\"><\/div><div class=\"cz_gap show_on_tablet clr \" style=\"height: 30px\"><\/div><\/div><\/div><\/div><\/div><div class=\"vc_row wpb_row vc_row-fluid\"><div class=\"wpb_column vc_column_container vc_col-sm-12\"><div class=\"vc_column-inner\"><div class=\"wpb_wrapper\"><div class=\"cz_eqh cz_content_box_parent_fx  \"><div id=\"cz_56568\" class=\"cz_56568 cz_content_box clr\"><div class=\"cz_box_front clr\"><div class=\"cz_box_front_inner clr \"><span><\/span><div><div id=\"cz_72876\" class=\"cz_72876 cz_title clr cz_title_has_bg cz_title_pos_block\"><div class=\"cz_title_content\"><div class=\"cz_wpe_content\"><h3><span style=\"font-size: 16px;\">Ukoliko imate bilo kakvih pitanja, ne ustru\u010davajte se da nas kontaktirate.<\/span><\/h3>\n<\/div><\/div><\/div><div class=\"vc_row wpb_row vc_inner vc_row-fluid\"><div class=\"wpb_column vc_column_container vc_col-sm-4\"><div class=\"vc_column-inner\"><div class=\"wpb_wrapper\"><div id=\"cz_58710\" class=\"cz_58710 cz_title clr cz_title_has_icon cz_title_pos_inline\"><a href=\"mailto:support@yoursite.com\"><div class=\"cz_title_content\"><i class=\"cz_title_icon_before fa fa-envelope-open\"><\/i><div class=\"cz_wpe_content\"><h3>Email<\/h3>\n<p><span style=\"font-size: 16px; color: #aaaaaa;\">bestattung.iris@gmail.com<\/span><\/p>\n<\/div><\/div><\/a><\/div><div id=\"cz_42326\" class=\"cz_42326 cz_title clr cz_title_has_icon cz_title_pos_inline\"><a href=\"mailto:support@yoursite.com\"><div class=\"cz_title_content\"><i class=\"cz_title_icon_before fa fa-envelope-open\"><\/i><div class=\"cz_wpe_content\"><h3>Email<\/h3>\n<p><span style=\"font-size: 16px; color: #aaaaaa;\">cvecara_iris@beotel.net<\/span><\/p>\n<\/div><\/div><\/a><\/div><\/div><\/div><\/div><div class=\"wpb_column vc_column_container vc_col-sm-4\"><div class=\"vc_column-inner\"><div class=\"wpb_wrapper\"><div id=\"cz_47354\" class=\"cz_47354 cz_title clr cz_title_has_icon cz_title_pos_inline\"><a href=\"tel:001800334455\"><div class=\"cz_title_content\"><i class=\"cz_title_icon_before fa fa-volume-control-phone\"><\/i><div class=\"cz_wpe_content\"><h3>Srbija<\/h3>\n<p><span style=\"font-size: 16px; color: #aaaaaa;\">+381 63 640558<\/span><\/p>\n<\/div><\/div><\/a><\/div><div id=\"cz_67961\" class=\"cz_67961 cz_title clr cz_title_has_icon cz_title_pos_inline\"><a href=\"tel:001800334455\"><div class=\"cz_title_content\"><i class=\"cz_title_icon_before fa fa-volume-control-phone\"><\/i><div class=\"cz_wpe_content\"><h3>Austrija<\/h3>\n<p><span style=\"font-size: 16px; color: #aaaaaa;\">+43 664 7921557<\/span><\/p>\n<\/div><\/div><\/a><\/div><div id=\"cz_26900\" class=\"cz_26900 cz_title clr cz_title_has_icon cz_title_pos_inline\"><a href=\"tel:001800334455\"><div class=\"cz_title_content\"><i class=\"cz_title_icon_before fa fa-volume-control-phone\"><\/i><div class=\"cz_wpe_content\"><h3>\u0160vicarska<\/h3>\n<p><span style=\"font-size: 16px; color: #aaaaaa;\">+41 79 83 88 185<\/span><\/p>\n<\/div><\/div><\/a><\/div><\/div><\/div><\/div><div class=\"wpb_column vc_column_container vc_col-sm-4\"><div class=\"vc_column-inner\"><div class=\"wpb_wrapper\"><div id=\"cz_70674\" class=\"cz_70674 cz_title clr cz_title_has_icon cz_title_pos_inline\"><a href=\"https:\/\/maps.google.com\/\"><div class=\"cz_title_content\"><i class=\"cz_title_icon_before fa fa-map-marker\"><\/i><div class=\"cz_wpe_content\"><h3>Posredni\u0161tvo u Srbiji<\/h3>\n<p><span style=\"font-size: 16px; color: #aaaaaa;\">Miodraga Novakovi\u0107a bb, \u0106uprija<\/span><\/p>\n<\/div><\/div><\/a><\/div><div id=\"cz_90317\" class=\"cz_90317 cz_title clr cz_title_has_icon cz_title_pos_inline\"><a href=\"https:\/\/maps.google.com\/\"><div class=\"cz_title_content\"><i class=\"cz_title_icon_before fa fa-map-marker\"><\/i><div class=\"cz_wpe_content\"><h3>Posredni\u0161tvo u Bugarskoj<\/h3>\n<p><span style=\"font-size: 16px; color: #aaaaaa;\">Bulevar Vitosha, Sofia<\/span><\/p>\n<\/div><\/div><\/a><\/div><div id=\"cz_83205\" class=\"cz_83205 cz_title clr cz_title_has_icon cz_title_pos_inline\"><a href=\"https:\/\/maps.google.com\/\"><div class=\"cz_title_content\"><i class=\"cz_title_icon_before fa fa-map-marker\"><\/i><div class=\"cz_wpe_content\"><h3>Posredni\u0161tvo u \u0160vicarskoj<\/h3>\n<p>Wallislen, \u0160vicarska<\/p>\n<\/div><\/div><\/a><\/div><\/div><\/div><\/div><\/div><\/div><\/div><\/div><\/div><\/div><\/div><\/div><\/div><\/div><div class=\"vc_row wpb_row vc_row-fluid\"><div class=\"wpb_column vc_column_container vc_col-sm-12\"><div class=\"vc_column-inner\"><div class=\"wpb_wrapper\"><div class=\"cz_gap clr  hide_on_tablet hide_on_mobile\" style=\"height: 50px\"><\/div><div class=\"cz_gap show_on_tablet clr \" style=\"height: 50px\"><\/div><div id=\"cz_109712\" class=\"cz_109712 cz_title clr cz_mobile_text_center cz_title_has_icon cz_title_pos_inline\"><div class=\"cz_title_shape shape_icon cz_shape_1\"><i class=\"fa czico-075-news\"><\/i><\/div><div class=\"cz_title_content\"><i class=\"cz_title_icon_before fa czico-075-news\"><\/i><div class=\"cz_wpe_content\"><h3><span style=\"margin-bottom: 10px; display: inline-block; font-size: 30px;\">PRIBAVLJANJE DOKUMENTACIJE ZA POKOJNIKA<\/span><\/h3>\n<p>Usluga pribavljanja komplet neophodne dokumentacije vezane za prevoz pokojnika u inostranstvu ili zemlji bez prisustva familije i porodice.<\/p>\n<\/div><\/div><\/div><\/div><\/div><\/div><\/div><div class=\"vc_row wpb_row vc_row-fluid\"><div class=\"wpb_column vc_column_container vc_col-sm-12\"><div class=\"vc_column-inner\"><div class=\"wpb_wrapper\"><div class=\"cz_gap clr  hide_on_tablet hide_on_mobile\" style=\"height: 92px\"><\/div><div class=\"cz_gap show_on_tablet clr \" style=\"height: 80px\"><\/div><\/div><\/div><\/div><\/div><div class=\"vc_row wpb_row vc_row-fluid\"><div class=\"wpb_column vc_column_container vc_col-sm-12 vc_col-lg-4\"><div class=\"vc_column-inner vc_custom_1515238558336\"><div class=\"wpb_wrapper\"><div id=\"cz_20117\" class=\"cz_20117 cz_title clr cz_smart_fs cz_title_pos_inline\"><div class=\"cz_title_shape shape_text cz_shape_1\">IRIS Bestattung<\/div><div class=\"cz_title_content\"><div class=\"cz_wpe_content\"><h4><span style=\"font-size: 35px;\"><span style=\"color: #d8ae76;\">Utisci rodbine<\/span><\/span><\/h4>\n<h4><span style=\"font-size: 35px;\"><span style=\"color: #d8ae76;\">i prijatelja<\/span>\u00a0 <span style=\"font-size: 35px;\"><span style=\"color: #fff;\">preminulog<\/span><\/span><\/span><\/h4>\n<\/div><\/div><\/div><div class=\"cz_gap clr \" style=\"height: 50px\"><\/div>\n\t<div class=\"wpb_text_column wpb_content_element \" >\n\t\t<div class=\"wpb_wrapper\">\n\t\t\t<p><em>\u201cEfikasnost, pouzdanost i profesionalnost su principi na\u0161eg poslovanja \u010diji je cilj udovoljiti zahtjevima na\u0161ih klijenata u trenucima kada je to njima najpotrebnije\u201d.<\/em><\/p>\n\n\t\t<\/div>\n\t<\/div>\n<\/div><\/div><\/div><div class=\"wpb_column vc_column_container vc_col-sm-12 vc_col-lg-8\"><div class=\"vc_column-inner\"><div class=\"wpb_wrapper\"><div class=\"vc_row wpb_row vc_inner vc_row-fluid\"><div class=\"wpb_column vc_column_container vc_col-sm-12 vc_col-lg-6\"><div class=\"vc_column-inner\"><div class=\"wpb_wrapper\"><div id=\"cz_71051\" class=\"cz_71051 cz_testimonials cz_testimonials_s1\"><div class=\"cz_testimonials_content\"><div class=\"cz_wpe_content\">F\u00fchlte mich von IRIS AG Bestattung gut begleitet , waren sehr kompetent und man hatte das Gef\u00fchl nicht allein zu sein. Herzlichen Dank f\u00fcr alles!<\/div><\/div><div class=\"cz_testimonials_meta\"><div class=\"cz_testimonials_avatar\"><img width=\"150\" height=\"150\" src=\"data:image\/svg+xml,%3Csvg%20xmlns%3D&#39;http%3A%2F%2Fwww.w3.org%2F2000%2Fsvg&#39;%20width=&#39;150&#39;%20height=&#39;150&#39;%20viewBox%3D&#39;0%200%20150%20150&#39;%2F%3E\" data-czlz data-src=\"https:\/\/pogrebneusluge-iris.com\/wp-content\/uploads\/2021\/04\/20200320_kerze_700-150x150.jpg\" class=\"attachment-thumbnail\" alt=\"\" decoding=\"async\" title=\"20200320_kerze_700\" data-srcset=\"https:\/\/pogrebneusluge-iris.com\/wp-content\/uploads\/2021\/04\/20200320_kerze_700-150x150.jpg 150w, https:\/\/pogrebneusluge-iris.com\/wp-content\/uploads\/2021\/04\/20200320_kerze_700-300x300.jpg 300w, https:\/\/pogrebneusluge-iris.com\/wp-content\/uploads\/2021\/04\/20200320_kerze_700-100x100.jpg 100w\" data-sizes=\"(max-width: 150px) 100vw, 150px\" \/><\/div><div class=\"cz_testimonials_name_subname\"><div class=\"cz_testimonials_name\">Maximilian Liebminger<\/div><\/div><\/div><\/div><\/div><\/div><\/div><div class=\"wpb_column vc_column_container vc_col-sm-12 vc_col-lg-6\"><div class=\"vc_column-inner\"><div class=\"wpb_wrapper\"><div id=\"cz_97147\" class=\"cz_97147 cz_testimonials cz_testimonials_s1\"><div class=\"cz_testimonials_content\"><div class=\"cz_wpe_content\">Vrlo ljubazno i \u200b\u200bosjetljivo osoblje. Hvala na odvojenom vremenu za pribavljanje dokumentacije, te sva druga savjetovanja. Hvala puno.<\/div><\/div><div class=\"cz_testimonials_meta\"><div class=\"cz_testimonials_avatar\"><img width=\"150\" height=\"150\" src=\"data:image\/svg+xml,%3Csvg%20xmlns%3D&#39;http%3A%2F%2Fwww.w3.org%2F2000%2Fsvg&#39;%20width=&#39;150&#39;%20height=&#39;150&#39;%20viewBox%3D&#39;0%200%20150%20150&#39;%2F%3E\" data-czlz data-src=\"https:\/\/pogrebneusluge-iris.com\/wp-content\/uploads\/2021\/04\/20200320_kerze_700-150x150.jpg\" class=\"attachment-thumbnail\" alt=\"\" decoding=\"async\" title=\"20200320_kerze_700\" data-srcset=\"https:\/\/pogrebneusluge-iris.com\/wp-content\/uploads\/2021\/04\/20200320_kerze_700-150x150.jpg 150w, https:\/\/pogrebneusluge-iris.com\/wp-content\/uploads\/2021\/04\/20200320_kerze_700-300x300.jpg 300w, https:\/\/pogrebneusluge-iris.com\/wp-content\/uploads\/2021\/04\/20200320_kerze_700-100x100.jpg 100w\" data-sizes=\"(max-width: 150px) 100vw, 150px\" \/><\/div><div class=\"cz_testimonials_name_subname\"><div class=\"cz_testimonials_name\">Silvija Dobri\u0107<\/div><\/div><\/div><\/div><\/div><\/div><\/div><\/div><\/div><\/div><\/div><\/div>\n<\/section>","protected":false},"excerpt":{"rendered":"Pogrebna oprema &nbsp; Nudimo \u0161irok asortiman pogrebne opreme izra\u0111ene od najkvalitetnijih materijala po svjetskim standardima. Prevoz pokojnika &nbsp; Na\u0161e preduze\u0107e","protected":false},"author":1,"featured_media":0,"parent":0,"menu_order":0,"comment_status":"closed","ping_status":"closed","template":"","meta":{"om_disable_all_campaigns":false,"_monsterinsights_skip_tracking":false,"_monsterinsights_sitenote_active":false,"_monsterinsights_sitenote_note":"","_monsterinsights_sitenote_category":0},"aioseo_notices":[],"_links":{"self":[{"href":"https:\/\/pogrebneusluge-iris.com\/sr\/wp-json\/wp\/v2\/pages\/4"}],"collection":[{"href":"https:\/\/pogrebneusluge-iris.com\/sr\/wp-json\/wp\/v2\/pages"}],"about":[{"href":"https:\/\/pogrebneusluge-iris.com\/sr\/wp-json\/wp\/v2\/types\/page"}],"author":[{"embeddable":true,"href":"https:\/\/pogrebneusluge-iris.com\/sr\/wp-json\/wp\/v2\/users\/1"}],"replies":[{"embeddable":true,"href":"https:\/\/pogrebneusluge-iris.com\/sr\/wp-json\/wp\/v2\/comments?post=4"}],"version-history":[{"count":61,"href":"https:\/\/pogrebneusluge-iris.com\/sr\/wp-json\/wp\/v2\/pages\/4\/revisions"}],"predecessor-version":[{"id":1401,"href":"https:\/\/pogrebneusluge-iris.com\/sr\/wp-json\/wp\/v2\/pages\/4\/revisions\/1401"}],"wp:attachment":[{"href":"https:\/\/pogrebneusluge-iris.com\/sr\/wp-json\/wp\/v2\/media?parent=4"}],"curies":[{"name":"wp","href":"https:\/\/api.w.org\/{rel}","templated":true}]}}